{"id":7184,"date":"2021-04-13T13:43:20","date_gmt":"2021-04-13T11:43:20","guid":{"rendered":"https:\/\/dev-ursa-cz.animatec.cz\/?page_id=7184"},"modified":"2021-04-13T14:11:34","modified_gmt":"2021-04-13T12:11:34","slug":"aplikacie","status":"publish","type":"page","link":"https:\/\/dev-ursa-cz.animatec.cz\/sk\/aplikacie\/","title":{"rendered":"Aplik\u00e1cie"},"content":{"rendered":"\n<div class=\"wp-block-columns\">\n<div class=\"wp-block-column\">\n<h1>Aplik\u00e1cie<\/h1>\n\n\n\n<p>Kvalitn\u00e9 realiz\u00e1cie stavieb s\u00fa najlep\u0161ou referenciou na\u0161ich v\u00fdrobkov. Miner\u00e1lna sklen\u00e1 izol\u00e1cia URSA a extrudovan\u00fd polystyr\u00e9n URSA boli in\u0161talovan\u00e9 do mnoh\u00fdch obytn\u00fdch \u010di nebytov\u00fdch stavieb novostavieb, ale aj rekon\u0161trukciou<\/p>\n<\/div>\n\n\n\n<div class=\"wp-block-column\">\n<figure class=\"wp-block-image size-large is-resized\"><a href=\"https:\/\/dev-ursa-cz.animatec.cz\/aplikace\/izolace-sikmych-strech\/\"><img loading=\"lazy\" src=\"https:\/\/dev-ursa-cz.animatec.cz\/wp-content\/uploads\/2021\/01\/sikme-strechy-3.png\" alt=\"Izol\u00e1cia \u0161ikm\u00fdch striech\" class=\"wp-image-6934\" width=\"130\" height=\"130\" srcset=\"https:\/\/dev-ursa-cz.animatec.cz\/wp-content\/uploads\/2021\/01\/sikme-strechy-3.png 172w, https:\/\/dev-ursa-cz.animatec.cz\/wp-content\/uploads\/2021\/01\/sikme-strechy-3-150x150.png 150w\" sizes=\"(max-width: 130px) 100vw, 130px\" \/><\/a><\/figure>\n\n\n\n<div style=\"height:20px\" aria-hidden=\"true\" class=\"wp-block-spacer\"><\/div>\n\n\n\n<h2 class=\"redUrsaLineApp\" style=\"font-size:25px\"><a href=\"https:\/\/dev-ursa-cz.animatec.cz\/aplikace\/izolace-sikmych-strech\/\">\u0160ikm\u00e9 strechy<\/a><\/h2>\n\n\n\n<div style=\"height:20px\" aria-hidden=\"true\" class=\"wp-block-spacer\"><\/div>\n\n\n\n<p>Strecha chr\u00e1ni dom pred poveternostn\u00fdmi vplyvmi. V zime kvalitn\u00e9 zateplenie strechy zabr\u00e1ni zbyto\u010dn\u00fdm \u00fanikom tepla z interi\u00e9ru, naopak v lete tepeln\u00e1 izol\u00e1cia obmedzuje prestup tepla z exteri\u00e9ru. Optim\u00e1lna tepeln\u00e1 izol\u00e1cia URSA tak zlep\u0161uje kvalitu vn\u00fatorn\u00e9ho prostredia a \u0161etr\u00ed u\u017e\u00edvate\u013eom energiu a peniaze za vykurovanie \u010di chladenie.<\/p>\n\n\n\n<div class=\"wp-block-buttons\">\n<div class=\"wp-block-button is-style-shadow\"><a class=\"wp-block-button__link\" href=\"https:\/\/dev-ursa-cz.animatec.cz\/aplikace\/izolace-sikmych-strech\/\" style=\"border-radius:2px\">viac tu<\/a><\/div>\n<\/div>\n<\/div>\n\n\n\n<div class=\"wp-block-column\">\n<figure class=\"wp-block-image size-large is-resized\"><a href=\"https:\/\/dev-ursa-cz.animatec.cz\/aplikace\/izolace-fasad\/\"><img loading=\"lazy\" src=\"https:\/\/dev-ursa-cz.animatec.cz\/wp-content\/uploads\/2021\/01\/fasada-3.png\" alt=\"Izolace fas\u00e1d\" class=\"wp-image-6928\" width=\"130\" height=\"130\" srcset=\"https:\/\/dev-ursa-cz.animatec.cz\/wp-content\/uploads\/2021\/01\/fasada-3.png 172w, https:\/\/dev-ursa-cz.animatec.cz\/wp-content\/uploads\/2021\/01\/fasada-3-150x150.png 150w\" sizes=\"(max-width: 130px) 100vw, 130px\" \/><\/a><\/figure>\n\n\n\n<div style=\"height:20px\" aria-hidden=\"true\" class=\"wp-block-spacer mt-0 mt-0\"><\/div>\n\n\n\n<h2 class=\"redUrsaLineApp\" style=\"font-size:25px\"><a href=\"https:\/\/dev-ursa-cz.animatec.cz\/aplikace\/izolace-fasad\/\">Fas\u00e1dy<\/a><\/h2>\n\n\n\n<div style=\"height:20px\" aria-hidden=\"true\" class=\"wp-block-spacer\"><\/div>\n\n\n\n<p>Obvodov\u00e9 steny zais\u0165uj\u00fa spravidla nosn\u00fa funkciu objektu a chr\u00e1ni dom pred poveternostn\u00fdmi vplyvmi. Kvalitn\u00e9 zateplenie steny br\u00e1ni zbyto\u010dn\u00fdm \u00fanikom tepla v zime. V lete tepeln\u00e1 izol\u00e1cia obmedzuje prestup tepla z exteri\u00e9ru. Tepeln\u00e1 izol\u00e1cia URSA tak zlep\u0161uje kvalitu vn\u00fatorn\u00e9ho prostredia a \u0161etr\u00ed u\u017e\u00edvate\u013eom energiu a peniaze na vykurovanie \u010di chladenie<\/p>\n\n\n\n<div class=\"wp-block-buttons\">\n<div class=\"wp-block-button is-style-shadow\"><a class=\"wp-block-button__link\" href=\"https:\/\/dev-ursa-cz.animatec.cz\/aplikace\/izolace-fasad\/\" style=\"border-radius:2px\">viac tu<\/a><\/div>\n<\/div>\n\n\n\n<p><\/p>\n<\/div>\n\n\n\n<div class=\"wp-block-column\">\n<figure class=\"wp-block-image size-large is-resized\"><a href=\"https:\/\/dev-ursa-cz.animatec.cz\/aplikace\/izolace-pricek-a-predsten\/\"><img loading=\"lazy\" src=\"https:\/\/dev-ursa-cz.animatec.cz\/wp-content\/uploads\/2021\/01\/pricky-3.png\" alt=\"Izolace p\u0159\u00ed\u010dek a p\u0159edst\u011bn\" class=\"wp-image-6931\" width=\"130\" height=\"130\" srcset=\"https:\/\/dev-ursa-cz.animatec.cz\/wp-content\/uploads\/2021\/01\/pricky-3.png 172w, https:\/\/dev-ursa-cz.animatec.cz\/wp-content\/uploads\/2021\/01\/pricky-3-150x150.png 150w\" sizes=\"(max-width: 130px) 100vw, 130px\" \/><\/a><\/figure>\n\n\n\n<div style=\"height:20px\" aria-hidden=\"true\" class=\"wp-block-spacer\"><\/div>\n\n\n\n<h2 class=\"redUrsaLineApp\" style=\"font-size:25px\"><a href=\"https:\/\/dev-ursa-cz.animatec.cz\/aplikace\/izolace-pricek-a-predsten\/\">Prie\u010dky<\/a><\/h2>\n\n\n\n<div style=\"height:20px\" aria-hidden=\"true\" class=\"wp-block-spacer\"><\/div>\n\n\n\n<p>V kon\u0161trukci\u00e1ch \u013eahk\u00fdch prie\u010dok s\u00fa miner\u00e1lne izol\u00e1cie URSA u\u017e\u00edvan\u00e9 ako akustick\u00e1 izol\u00e1cia. Pou\u017eitie izol\u00e1ciou s odporom proti pr\u00fadeniu vzduchu \u2265 5kPa \u00b7 s\/m\u00b2 d\u00e1va predpoklady pre vysok\u00fd stupe\u0148 akustickej chr\u00e1nia. V kombin\u00e1cii s vhodnou kon\u0161trukciou mo\u017eno pri pou\u017eit\u00ed izolantu zo sklen\u00e9ho vl\u00e1kna bez probl\u00e9mov prekro\u010di\u0165 nepriezvu\u010dnos\u0165 klasick\u00e9 \u0165a\u017ek\u00e9 prie\u010dky o rovnakej hr\u00fabke. <\/p>\n\n\n\n<div class=\"wp-block-buttons\">\n<div class=\"wp-block-button is-style-shadow\"><a class=\"wp-block-button__link\" href=\"https:\/\/dev-ursa-cz.animatec.cz\/aplikace\/izolace-pricek-a-predsten\/\" style=\"border-radius:2px\">viac tu<\/a><\/div>\n<\/div>\n<\/div>\n<\/div>\n\n\n\n<hr class=\"wp-block-separator is-style-wide\"\/>\n\n\n\n<div class=\"wp-block-columns\">\n<div class=\"wp-block-column\"><\/div>\n\n\n\n<div class=\"wp-block-column\">\n<figure class=\"wp-block-image size-large is-resized\"><a href=\"https:\/\/dev-ursa-cz.animatec.cz\/aplikace\/izolace-stropu-a-podhledu\/\"><img loading=\"lazy\" src=\"https:\/\/dev-ursa-cz.animatec.cz\/wp-content\/uploads\/2021\/01\/stropy-a-podhledy-3.png\" alt=\"Izolace strop\u016f a podhled\u016f\" class=\"wp-image-6932\" width=\"130\" height=\"130\" srcset=\"https:\/\/dev-ursa-cz.animatec.cz\/wp-content\/uploads\/2021\/01\/stropy-a-podhledy-3.png 172w, https:\/\/dev-ursa-cz.animatec.cz\/wp-content\/uploads\/2021\/01\/stropy-a-podhledy-3-150x150.png 150w\" sizes=\"(max-width: 130px) 100vw, 130px\" \/><\/a><\/figure>\n\n\n\n<div style=\"height:20px\" aria-hidden=\"true\" class=\"wp-block-spacer\"><\/div>\n\n\n\n<h2 class=\"redUrsaLineApp\" style=\"font-size:25px\"><a href=\"https:\/\/dev-ursa-cz.animatec.cz\/aplikace\/izolace-stropu-a-podhledu\/\">Stropy a podh\u013eady<\/a><\/h2>\n\n\n\n<div style=\"height:20px\" aria-hidden=\"true\" class=\"wp-block-spacer\"><\/div>\n\n\n\n<p>Podh\u013eady s miner\u00e1lnou izol\u00e1ciou na b\u00e1ze skla zna\u010dne zlep\u0161uj\u00fa akustick\u00e9 spr\u00e1vanie kon\u0161trukcie. Pou\u017eit\u00edm izol\u00e1ci\u00ed zo sklenej vlny URSA mo\u017eno dosiahnu\u0165 vynikaj\u00face v\u00fdsledky zvukovej nepriezvu\u010dnosti dreven\u00fdch tr\u00e1mov\u00fdch stropov. Zateplen\u00edm stropu suter\u00e9nu odspodu (napr. zateplenie stropu pivnice) izol\u00e1ciou URSA XPS sa zna\u010dne zlep\u0161\u00ed komfort stavby zv\u00fd\u0161en\u00edm povrchovej teploty podlahy nad zateplen\u00edm. Tie\u017e sa zmen\u0161\u00ed tepeln\u00e9 straty objektu. URSA XPS je vhodn\u00fd pre t\u00fato aplik\u00e1ciu, preto\u017ee je nenasiakav\u00fd a nepodlieha hnilobe.<\/p>\n\n\n\n<div class=\"wp-block-buttons\">\n<div class=\"wp-block-button is-style-shadow\"><a class=\"wp-block-button__link\" href=\"https:\/\/dev-ursa-cz.animatec.cz\/aplikace\/izolace-stropu-a-podhledu\/\" style=\"border-radius:2px\">viac tu<\/a><\/div>\n<\/div>\n<\/div>\n\n\n\n<div class=\"wp-block-column\">\n<figure class=\"wp-block-image size-large is-resized\"><a href=\"https:\/\/dev-ursa-cz.animatec.cz\/aplikace\/izolace-podlah\/\"><img loading=\"lazy\" src=\"https:\/\/dev-ursa-cz.animatec.cz\/wp-content\/uploads\/2021\/01\/podlaha-strop-3.png\" alt=\"Izolace podlah\" class=\"wp-image-6929\" width=\"130\" height=\"130\" srcset=\"https:\/\/dev-ursa-cz.animatec.cz\/wp-content\/uploads\/2021\/01\/podlaha-strop-3.png 172w, https:\/\/dev-ursa-cz.animatec.cz\/wp-content\/uploads\/2021\/01\/podlaha-strop-3-150x150.png 150w\" sizes=\"(max-width: 130px) 100vw, 130px\" \/><\/a><\/figure>\n\n\n\n<div style=\"height:20px\" aria-hidden=\"true\" class=\"wp-block-spacer\"><\/div>\n\n\n\n<h2 class=\"redUrsaLineApp\" style=\"font-size:25px\"><a href=\"https:\/\/dev-ursa-cz.animatec.cz\/aplikace\/izolace-podlah\/\">Podlahy<\/a><\/h2>\n\n\n\n<div style=\"height:20px\" aria-hidden=\"true\" class=\"wp-block-spacer\"><\/div>\n\n\n\n<p>Kvalitn\u00e9 zateplenie podlahy ulo\u017eenej na ter\u00e9ne je d\u00f4le\u017eit\u00e9 pri zni\u017eovan\u00ed tepeln\u00fdch str\u00e1t budovy, preto\u017ee teplota zeminy je celoro\u010dne ve\u013emi n\u00edzka, spravidla 3-8 \u00b0 C. Pre izolovanie podl\u00e1h s\u00fa, vzh\u013eadom k ve\u013emi dobr\u00e9mu s\u00fa\u010dinite\u013e tepelnej vodivosti a vysokej \u00fanosnosti, vhodn\u00e9 tepelnoizola\u010dn\u00e9 dosky z extrudovan\u00e9ho polystyr\u00e9nu URSA XPS.<\/p>\n\n\n\n<div class=\"wp-block-buttons\">\n<div class=\"wp-block-button is-style-shadow\"><a class=\"wp-block-button__link\" href=\"https:\/\/dev-ursa-cz.animatec.cz\/aplikace\/izolace-podlah\/\" style=\"border-radius:2px\">viac tu<\/a><\/div>\n<\/div>\n<\/div>\n\n\n\n<div class=\"wp-block-column\">\n<figure class=\"wp-block-image size-large is-resized\"><a href=\"https:\/\/dev-ursa-cz.animatec.cz\/aplikace\/izolace-spodni-stavby\/\"><img loading=\"lazy\" src=\"https:\/\/dev-ursa-cz.animatec.cz\/wp-content\/uploads\/2021\/01\/spodni-stavba-sokl-3.png\" alt=\"Izolace spodn\u00ed stavby - soklu\" class=\"wp-image-6930\" width=\"130\" height=\"130\" srcset=\"https:\/\/dev-ursa-cz.animatec.cz\/wp-content\/uploads\/2021\/01\/spodni-stavba-sokl-3.png 172w, https:\/\/dev-ursa-cz.animatec.cz\/wp-content\/uploads\/2021\/01\/spodni-stavba-sokl-3-150x150.png 150w\" sizes=\"(max-width: 130px) 100vw, 130px\" \/><\/a><\/figure>\n\n\n\n<div style=\"height:20px\" aria-hidden=\"true\" class=\"wp-block-spacer\"><\/div>\n\n\n\n<h2 class=\"redUrsaLineApp\" style=\"font-size:25px\"><a href=\"https:\/\/dev-ursa-cz.animatec.cz\/aplikace\/izolace-spodni-stavby\/\">Spodn\u00e1 stavba<\/a><\/h2>\n\n\n\n<div style=\"height:20px\" aria-hidden=\"true\" class=\"wp-block-spacer\"><\/div>\n\n\n\n<p>Z ekonomick\u00fdch aj ekologick\u00fdch d\u00f4vodov je dobr\u00e9 zn\u00ed\u017ei\u0165 tepeln\u00e9 straty objektu na minimum. Preto je treba kvalitne izolova\u0165 cel\u00fa vykurovan\u00fa ob\u00e1lku budovy, a to vr\u00e1tane spodnej stavby. Do zateplenia spodnej stavby m\u00f4\u017ee patri\u0165 zateplenie suter\u00e9nnych stien zvonku, zateplenie z\u00e1kladov\u00fdch p\u00e1sov \u010di z\u00e1kladov\u00fdch dosiek.<\/p>\n\n\n\n<div class=\"wp-block-buttons\">\n<div class=\"wp-block-button is-style-shadow\"><a class=\"wp-block-button__link\" href=\"https:\/\/dev-ursa-cz.animatec.cz\/aplikace\/izolace-spodni-stavby\/\" style=\"border-radius:2px\">viac tu<\/a><\/div>\n<\/div>\n<\/div>\n<\/div>\n\n\n\n<hr class=\"wp-block-separator is-style-wide\"\/>\n\n\n\n<div class=\"wp-block-columns\">\n<div class=\"wp-block-column\"><\/div>\n\n\n\n<div class=\"wp-block-column\">\n<figure class=\"wp-block-image size-large is-resized\"><a href=\"https:\/\/dev-ursa-cz.animatec.cz\/aplikace\/izolace-plochych-strech\/\"><img loading=\"lazy\" src=\"https:\/\/dev-ursa-cz.animatec.cz\/wp-content\/uploads\/2021\/01\/ploche-strechy-3.png\" alt=\"Izolace ploch\u00fdch st\u0159ech\" class=\"wp-image-6933\" width=\"130\" height=\"130\" srcset=\"https:\/\/dev-ursa-cz.animatec.cz\/wp-content\/uploads\/2021\/01\/ploche-strechy-3.png 172w, https:\/\/dev-ursa-cz.animatec.cz\/wp-content\/uploads\/2021\/01\/ploche-strechy-3-150x150.png 150w\" sizes=\"(max-width: 130px) 100vw, 130px\" \/><\/a><\/figure>\n\n\n\n<div style=\"height:20px\" aria-hidden=\"true\" class=\"wp-block-spacer\"><\/div>\n\n\n\n<h2 class=\"redUrsaLineApp mt-0\" style=\"font-size:25px\"><a href=\"https:\/\/dev-ursa-cz.animatec.cz\/aplikace\/izolace-plochych-strech\/\">Ploch\u00e9 strechy<\/a><\/h2>\n\n\n\n<div style=\"height:20px\" aria-hidden=\"true\" class=\"wp-block-spacer\"><\/div>\n\n\n\n<p>Optim\u00e1lne zateplenie plochej strechy s izol\u00e1ciami URSA V\u00e1m zaist\u00ed tepeln\u00fa pohodu v interi\u00e9ri v zime aj v lete a minimalizuje n\u00e1klady na vykurovanie a chladenie domu.<\/p>\n\n\n\n<div class=\"wp-block-buttons\">\n<div class=\"wp-block-button is-style-shadow\"><a class=\"wp-block-button__link\" href=\"https:\/\/dev-ursa-cz.animatec.cz\/aplikace\/izolace-plochych-strech\/\" style=\"border-radius:2px\">viac tu<\/a><\/div>\n<\/div>\n<\/div>\n\n\n\n<div class=\"wp-block-column\">\n<figure class=\"wp-block-image size-large is-resized\"><img loading=\"lazy\" src=\"https:\/\/dev-ursa-cz.animatec.cz\/wp-content\/uploads\/2021\/03\/piktogram-drevostavba.png\" alt=\"Izolace d\u0159evostaveb\" class=\"wp-image-7113\" width=\"130\" height=\"130\" srcset=\"https:\/\/dev-ursa-cz.animatec.cz\/wp-content\/uploads\/2021\/03\/piktogram-drevostavba.png 172w, https:\/\/dev-ursa-cz.animatec.cz\/wp-content\/uploads\/2021\/03\/piktogram-drevostavba-150x150.png 150w\" sizes=\"(max-width: 130px) 100vw, 130px\" \/><\/figure>\n\n\n\n<div style=\"height:20px\" aria-hidden=\"true\" class=\"wp-block-spacer\"><\/div>\n\n\n\n<h2 class=\"redUrsaLineApp mt-0\" style=\"font-size:25px\"><a href=\"https:\/\/dev-ursa-cz.animatec.cz\/aplikace\/izolace-drevostaveb\/\">Drevostavby<\/a><\/h2>\n\n\n\n<div style=\"height:20px\" aria-hidden=\"true\" class=\"wp-block-spacer\"><\/div>\n\n\n\n<p>Drevo je obnovite\u013en\u00fdm zdrojom stavebn\u00e9ho materi\u00e1lu. Hlavn\u00fdmi v\u00fdrobn\u00fdmi surovinami izol\u00e1cie URSA je piesok a recyklovan\u00e9 sklo. Po\u010das svojej \u017eivotnosti u\u0161etr\u00ed nieko\u013eko stokr\u00e1t viac energie, ne\u017e je potrebn\u00e9 na ich produkciu. V\u010faka tomu drevostavby s miner\u00e1lnou<\/p>\n\n\n\n<div class=\"wp-block-buttons\">\n<div class=\"wp-block-button is-style-shadow\"><a class=\"wp-block-button__link\" href=\"https:\/\/dev-ursa-cz.animatec.cz\/aplikace\/izolace-drevostaveb\/\" style=\"border-radius:2px\">viac tu<\/a><\/div>\n<\/div>\n\n\n\n<p><\/p>\n<\/div>\n\n\n\n<div class=\"wp-block-column\">\n<div style=\"height:20px\" aria-hidden=\"true\" class=\"wp-block-spacer\"><\/div>\n\n\n\n<div style=\"height:20px\" aria-hidden=\"true\" class=\"wp-block-spacer\"><\/div>\n\n\n\n<p><\/p>\n<\/div>\n<\/div>\n\n\n\n<p><\/p>\n","protected":false},"excerpt":{"rendered":"<p>Aplik\u00e1cie Kvalitn\u00e9 realiz\u00e1cie stavieb s\u00fa najlep\u0161ou referenciou na\u0161ich v\u00fdrobkov. Miner\u00e1lna sklen\u00e1 izol\u00e1cia URSA a extrudovan\u00fd polystyr\u00e9n URSA boli in\u0161talovan\u00e9 do mnoh\u00fdch obytn\u00fdch \u010di nebytov\u00fdch stavieb novostavieb, ale aj rekon\u0161trukciou \u0160ikm\u00e9 strechy Strecha chr\u00e1ni dom pred poveternostn\u00fdmi vplyvmi. V zime kvalitn\u00e9 zateplenie strechy zabr\u00e1ni zbyto\u010dn\u00fdm \u00fanikom tepla z interi\u00e9ru, naopak v lete tepeln\u00e1 izol\u00e1cia obmedzuje prestup [&hellip;]<\/p>\n","protected":false},"author":1,"featured_media":0,"parent":0,"menu_order":0,"comment_status":"closed","ping_status":"closed","template":"fullwidth.php","meta":{"_coblocks_attr":"","_coblocks_dimensions":"","_coblocks_responsive_height":"","_coblocks_accordion_ie_support":"","kk_blocks_editor_width":"","_kiokenblocks_attr":"","_kiokenblocks_dimensions":""},"categories":[],"tags":[],"yoast_head":"<!-- This site is optimized with the Yoast SEO plugin v18.4.1 - https:\/\/yoast.com\/wordpress\/plugins\/seo\/ -->\n<title>Aplik\u00e1cie - URSA CZ<\/title>\n<meta name=\"description\" content=\"URSA - vyr\u00e1b\u00edme miner\u00e1ln\u00ed izolace a extrudovan\u00fd polystyren pro zateplen\u00ed domu tedy zateplen\u00ed fas\u00e1dy, zateplen\u00ed st\u0159echy, zateplen\u00ed podkrov\u00ed, zateplen\u00ed podlahy, akustickou izolaci a dal\u0161\u00ed pou\u017eit\u00ed.\" \/>\n<meta name=\"robots\" content=\"noindex, follow, max-snippet:-1, max-image-preview:large, max-video-preview:-1\" \/>\n<meta property=\"og:locale\" content=\"sk_SK\" \/>\n<meta property=\"og:type\" content=\"article\" \/>\n<meta property=\"og:title\" content=\"Aplik\u00e1cie - URSA CZ\" \/>\n<meta property=\"og:description\" content=\"URSA - vyr\u00e1b\u00edme miner\u00e1ln\u00ed izolace a extrudovan\u00fd polystyren pro zateplen\u00ed domu tedy zateplen\u00ed fas\u00e1dy, zateplen\u00ed st\u0159echy, zateplen\u00ed podkrov\u00ed, zateplen\u00ed podlahy, akustickou izolaci a dal\u0161\u00ed pou\u017eit\u00ed.\" \/>\n<meta property=\"og:url\" content=\"https:\/\/dev-ursa-cz.animatec.cz\/sk\/aplikacie\/\" \/>\n<meta property=\"og:site_name\" content=\"URSA CZ\" \/>\n<meta property=\"article:publisher\" content=\"https:\/\/www.facebook.com\/ursaczsk\/\" \/>\n<meta property=\"article:modified_time\" content=\"2021-04-13T12:11:34+00:00\" \/>\n<meta property=\"og:image\" content=\"https:\/\/dev-ursa-cz.animatec.cz\/wp-content\/uploads\/2021\/01\/sikme-strechy-3.png\" \/>\n<meta name=\"twitter:card\" content=\"summary_large_image\" \/>\n<meta name=\"twitter:label1\" content=\"Predpokladan\u00fd \u010das \u010d\u00edtania\" \/>\n\t<meta name=\"twitter:data1\" content=\"4 min\u00faty\" \/>\n<script type=\"application\/ld+json\" class=\"yoast-schema-graph\">{\"@context\":\"https:\/\/schema.org\",\"@graph\":[{\"@type\":\"Organization\",\"@id\":\"https:\/\/dev-ursa-cz.animatec.cz\/#organization\",\"name\":\"URSA CZ s.r.o.\",\"url\":\"https:\/\/dev-ursa-cz.animatec.cz\/\",\"sameAs\":[\"https:\/\/www.facebook.com\/ursaczsk\/\",\"https:\/\/www.youtube.com\/channel\/UChDM18I-UCQ9A-thLwLNFsg\"],\"logo\":{\"@type\":\"ImageObject\",\"@id\":\"https:\/\/dev-ursa-cz.animatec.cz\/#logo\",\"inLanguage\":\"sk-SK\",\"url\":\"https:\/\/dev-ursa-cz.animatec.cz\/wp-content\/uploads\/2020\/12\/ursa-logo-e1608282921653.png\",\"contentUrl\":\"https:\/\/dev-ursa-cz.animatec.cz\/wp-content\/uploads\/2020\/12\/ursa-logo-e1608282921653.png\",\"width\":100,\"height\":59,\"caption\":\"URSA CZ s.r.o.\"},\"image\":{\"@id\":\"https:\/\/dev-ursa-cz.animatec.cz\/#logo\"}},{\"@type\":\"WebSite\",\"@id\":\"https:\/\/dev-ursa-cz.animatec.cz\/#website\",\"url\":\"https:\/\/dev-ursa-cz.animatec.cz\/\",\"name\":\"URSA CZ\",\"description\":\"URSA: tepeln\u00e9, akustick\u00e9 a protipo\u017e\u00e1rn\u00ed miner\u00e1ln\u00ed izolace ze skeln\u00e9 vlny.\",\"publisher\":{\"@id\":\"https:\/\/dev-ursa-cz.animatec.cz\/#organization\"},\"potentialAction\":[{\"@type\":\"SearchAction\",\"target\":{\"@type\":\"EntryPoint\",\"urlTemplate\":\"https:\/\/dev-ursa-cz.animatec.cz\/?s={search_term_string}\"},\"query-input\":\"required name=search_term_string\"}],\"inLanguage\":\"sk-SK\"},{\"@type\":\"ImageObject\",\"@id\":\"https:\/\/dev-ursa-cz.animatec.cz\/sk\/aplikacie\/#primaryimage\",\"inLanguage\":\"sk-SK\",\"url\":\"https:\/\/dev-ursa-cz.animatec.cz\/wp-content\/uploads\/2021\/01\/sikme-strechy-3.png\",\"contentUrl\":\"https:\/\/dev-ursa-cz.animatec.cz\/wp-content\/uploads\/2021\/01\/sikme-strechy-3.png\",\"width\":172,\"height\":172,\"caption\":\"Izolace \u0161ikm\u00fdch st\u0159ech\"},{\"@type\":\"WebPage\",\"@id\":\"https:\/\/dev-ursa-cz.animatec.cz\/sk\/aplikacie\/#webpage\",\"url\":\"https:\/\/dev-ursa-cz.animatec.cz\/sk\/aplikacie\/\",\"name\":\"Aplik\u00e1cie - URSA CZ\",\"isPartOf\":{\"@id\":\"https:\/\/dev-ursa-cz.animatec.cz\/#website\"},\"primaryImageOfPage\":{\"@id\":\"https:\/\/dev-ursa-cz.animatec.cz\/sk\/aplikacie\/#primaryimage\"},\"datePublished\":\"2021-04-13T11:43:20+00:00\",\"dateModified\":\"2021-04-13T12:11:34+00:00\",\"description\":\"URSA - vyr\u00e1b\u00edme miner\u00e1ln\u00ed izolace a extrudovan\u00fd polystyren pro zateplen\u00ed domu tedy zateplen\u00ed fas\u00e1dy, zateplen\u00ed st\u0159echy, zateplen\u00ed podkrov\u00ed, zateplen\u00ed podlahy, akustickou izolaci a dal\u0161\u00ed pou\u017eit\u00ed.\",\"breadcrumb\":{\"@id\":\"https:\/\/dev-ursa-cz.animatec.cz\/sk\/aplikacie\/#breadcrumb\"},\"inLanguage\":\"sk-SK\",\"potentialAction\":[{\"@type\":\"ReadAction\",\"target\":[\"https:\/\/dev-ursa-cz.animatec.cz\/sk\/aplikacie\/\"]}]},{\"@type\":\"BreadcrumbList\",\"@id\":\"https:\/\/dev-ursa-cz.animatec.cz\/sk\/aplikacie\/#breadcrumb\",\"itemListElement\":[{\"@type\":\"ListItem\",\"position\":1,\"name\":\"Dom\u016f\",\"item\":\"https:\/\/dev-ursa-cz.animatec.cz\/sk\/\"},{\"@type\":\"ListItem\",\"position\":2,\"name\":\"Aplik\u00e1cie\"}]}]}<\/script>\n<!-- \/ Yoast SEO plugin. -->","yoast_head_json":{"title":"Aplik\u00e1cie - URSA CZ","description":"URSA - vyr\u00e1b\u00edme miner\u00e1ln\u00ed izolace a extrudovan\u00fd polystyren pro zateplen\u00ed domu tedy zateplen\u00ed fas\u00e1dy, zateplen\u00ed st\u0159echy, zateplen\u00ed podkrov\u00ed, zateplen\u00ed podlahy, akustickou izolaci a dal\u0161\u00ed pou\u017eit\u00ed.","robots":{"index":"noindex","follow":"follow","max-snippet":"max-snippet:-1","max-image-preview":"max-image-preview:large","max-video-preview":"max-video-preview:-1"},"og_locale":"sk_SK","og_type":"article","og_title":"Aplik\u00e1cie - URSA CZ","og_description":"URSA - vyr\u00e1b\u00edme miner\u00e1ln\u00ed izolace a extrudovan\u00fd polystyren pro zateplen\u00ed domu tedy zateplen\u00ed fas\u00e1dy, zateplen\u00ed st\u0159echy, zateplen\u00ed podkrov\u00ed, zateplen\u00ed podlahy, akustickou izolaci a dal\u0161\u00ed pou\u017eit\u00ed.","og_url":"https:\/\/dev-ursa-cz.animatec.cz\/sk\/aplikacie\/","og_site_name":"URSA CZ","article_publisher":"https:\/\/www.facebook.com\/ursaczsk\/","article_modified_time":"2021-04-13T12:11:34+00:00","og_image":[{"url":"https:\/\/dev-ursa-cz.animatec.cz\/wp-content\/uploads\/2021\/01\/sikme-strechy-3.png"}],"twitter_card":"summary_large_image","twitter_misc":{"Predpokladan\u00fd \u010das \u010d\u00edtania":"4 min\u00faty"},"schema":{"@context":"https:\/\/schema.org","@graph":[{"@type":"Organization","@id":"https:\/\/dev-ursa-cz.animatec.cz\/#organization","name":"URSA CZ s.r.o.","url":"https:\/\/dev-ursa-cz.animatec.cz\/","sameAs":["https:\/\/www.facebook.com\/ursaczsk\/","https:\/\/www.youtube.com\/channel\/UChDM18I-UCQ9A-thLwLNFsg"],"logo":{"@type":"ImageObject","@id":"https:\/\/dev-ursa-cz.animatec.cz\/#logo","inLanguage":"sk-SK","url":"https:\/\/dev-ursa-cz.animatec.cz\/wp-content\/uploads\/2020\/12\/ursa-logo-e1608282921653.png","contentUrl":"https:\/\/dev-ursa-cz.animatec.cz\/wp-content\/uploads\/2020\/12\/ursa-logo-e1608282921653.png","width":100,"height":59,"caption":"URSA CZ s.r.o."},"image":{"@id":"https:\/\/dev-ursa-cz.animatec.cz\/#logo"}},{"@type":"WebSite","@id":"https:\/\/dev-ursa-cz.animatec.cz\/#website","url":"https:\/\/dev-ursa-cz.animatec.cz\/","name":"URSA CZ","description":"URSA: tepeln\u00e9, akustick\u00e9 a protipo\u017e\u00e1rn\u00ed miner\u00e1ln\u00ed izolace ze skeln\u00e9 vlny.","publisher":{"@id":"https:\/\/dev-ursa-cz.animatec.cz\/#organization"},"potentialAction":[{"@type":"SearchAction","target":{"@type":"EntryPoint","urlTemplate":"https:\/\/dev-ursa-cz.animatec.cz\/?s={search_term_string}"},"query-input":"required name=search_term_string"}],"inLanguage":"sk-SK"},{"@type":"ImageObject","@id":"https:\/\/dev-ursa-cz.animatec.cz\/sk\/aplikacie\/#primaryimage","inLanguage":"sk-SK","url":"https:\/\/dev-ursa-cz.animatec.cz\/wp-content\/uploads\/2021\/01\/sikme-strechy-3.png","contentUrl":"https:\/\/dev-ursa-cz.animatec.cz\/wp-content\/uploads\/2021\/01\/sikme-strechy-3.png","width":172,"height":172,"caption":"Izolace \u0161ikm\u00fdch st\u0159ech"},{"@type":"WebPage","@id":"https:\/\/dev-ursa-cz.animatec.cz\/sk\/aplikacie\/#webpage","url":"https:\/\/dev-ursa-cz.animatec.cz\/sk\/aplikacie\/","name":"Aplik\u00e1cie - URSA CZ","isPartOf":{"@id":"https:\/\/dev-ursa-cz.animatec.cz\/#website"},"primaryImageOfPage":{"@id":"https:\/\/dev-ursa-cz.animatec.cz\/sk\/aplikacie\/#primaryimage"},"datePublished":"2021-04-13T11:43:20+00:00","dateModified":"2021-04-13T12:11:34+00:00","description":"URSA - vyr\u00e1b\u00edme miner\u00e1ln\u00ed izolace a extrudovan\u00fd polystyren pro zateplen\u00ed domu tedy zateplen\u00ed fas\u00e1dy, zateplen\u00ed st\u0159echy, zateplen\u00ed podkrov\u00ed, zateplen\u00ed podlahy, akustickou izolaci a dal\u0161\u00ed pou\u017eit\u00ed.","breadcrumb":{"@id":"https:\/\/dev-ursa-cz.animatec.cz\/sk\/aplikacie\/#breadcrumb"},"inLanguage":"sk-SK","potentialAction":[{"@type":"ReadAction","target":["https:\/\/dev-ursa-cz.animatec.cz\/sk\/aplikacie\/"]}]},{"@type":"BreadcrumbList","@id":"https:\/\/dev-ursa-cz.animatec.cz\/sk\/aplikacie\/#breadcrumb","itemListElement":[{"@type":"ListItem","position":1,"name":"Dom\u016f","item":"https:\/\/dev-ursa-cz.animatec.cz\/sk\/"},{"@type":"ListItem","position":2,"name":"Aplik\u00e1cie"}]}]}},"_links":{"self":[{"href":"https:\/\/dev-ursa-cz.animatec.cz\/sk\/wp-json\/wp\/v2\/pages\/7184"}],"collection":[{"href":"https:\/\/dev-ursa-cz.animatec.cz\/sk\/wp-json\/wp\/v2\/pages"}],"about":[{"href":"https:\/\/dev-ursa-cz.animatec.cz\/sk\/wp-json\/wp\/v2\/types\/page"}],"author":[{"embeddable":true,"href":"https:\/\/dev-ursa-cz.animatec.cz\/sk\/wp-json\/wp\/v2\/users\/1"}],"replies":[{"embeddable":true,"href":"https:\/\/dev-ursa-cz.animatec.cz\/sk\/wp-json\/wp\/v2\/comments?post=7184"}],"version-history":[{"count":6,"href":"https:\/\/dev-ursa-cz.animatec.cz\/sk\/wp-json\/wp\/v2\/pages\/7184\/revisions"}],"predecessor-version":[{"id":7191,"href":"https:\/\/dev-ursa-cz.animatec.cz\/sk\/wp-json\/wp\/v2\/pages\/7184\/revisions\/7191"}],"wp:attachment":[{"href":"https:\/\/dev-ursa-cz.animatec.cz\/sk\/wp-json\/wp\/v2\/media?parent=7184"}],"wp:term":[{"taxonomy":"category","embeddable":true,"href":"https:\/\/dev-ursa-cz.animatec.cz\/sk\/wp-json\/wp\/v2\/categories?post=7184"},{"taxonomy":"post_tag","embeddable":true,"href":"https:\/\/dev-ursa-cz.animatec.cz\/sk\/wp-json\/wp\/v2\/tags?post=7184"}],"curies":[{"name":"wp","href":"https:\/\/api.w.org\/{rel}","templated":true}]}}