{"id":7192,"date":"2021-04-13T14:57:25","date_gmt":"2021-04-13T12:57:25","guid":{"rendered":"https:\/\/dev-ursa-cz.animatec.cz\/?page_id=7192"},"modified":"2021-04-13T14:57:27","modified_gmt":"2021-04-13T12:57:27","slug":"mineralna-izolacia-ursa-pureone-31","status":"publish","type":"page","link":"https:\/\/dev-ursa-cz.animatec.cz\/sk\/mineralna-izolacia-ursa-pureone-31\/","title":{"rendered":"Miner\u00e1lna izol\u00e1cia URSA PUREONE 31"},"content":{"rendered":"","protected":false},"excerpt":{"rendered":"","protected":false},"author":2,"featured_media":7158,"parent":0,"menu_order":10,"comment_status":"closed","ping_status":"closed","template":"fullwidth.php","meta":{"_coblocks_attr":"","_coblocks_dimensions":"","_coblocks_responsive_height":"","_coblocks_accordion_ie_support":"","kk_blocks_editor_width":"","_kiokenblocks_attr":"","_kiokenblocks_dimensions":""},"categories":[],"tags":[],"yoast_head":"<!-- This site is optimized with the Yoast SEO plugin v18.4.1 - https:\/\/yoast.com\/wordpress\/plugins\/seo\/ -->\n<title>Miner\u00e1lna izol\u00e1cia URSA PUREONE 31 - URSA CZ<\/title>\n<meta name=\"description\" content=\"URSA - vyr\u00e1b\u00edme miner\u00e1ln\u00ed izolace a extrudovan\u00fd polystyren pro zateplen\u00ed domu tedy zateplen\u00ed fas\u00e1dy, zateplen\u00ed st\u0159echy, zateplen\u00ed podkrov\u00ed, zateplen\u00ed podlahy, akustickou izolaci a dal\u0161\u00ed pou\u017eit\u00ed.\" \/>\n<meta name=\"robots\" content=\"noindex, follow, max-snippet:-1, max-image-preview:large, max-video-preview:-1\" \/>\n<meta property=\"og:locale\" content=\"sk_SK\" \/>\n<meta property=\"og:type\" content=\"article\" \/>\n<meta property=\"og:title\" content=\"Miner\u00e1lna izol\u00e1cia URSA PUREONE 31 - URSA CZ\" \/>\n<meta property=\"og:description\" content=\"URSA - vyr\u00e1b\u00edme miner\u00e1ln\u00ed izolace a extrudovan\u00fd polystyren pro zateplen\u00ed domu tedy zateplen\u00ed fas\u00e1dy, zateplen\u00ed st\u0159echy, zateplen\u00ed podkrov\u00ed, zateplen\u00ed podlahy, akustickou izolaci a dal\u0161\u00ed pou\u017eit\u00ed.\" \/>\n<meta property=\"og:url\" content=\"https:\/\/dev-ursa-cz.animatec.cz\/sk\/mineralna-izolacia-ursa-pureone-31\/\" \/>\n<meta property=\"og:site_name\" content=\"URSA CZ\" \/>\n<meta property=\"article:publisher\" content=\"https:\/\/www.facebook.com\/ursaczsk\/\" \/>\n<meta property=\"article:modified_time\" content=\"2021-04-13T12:57:27+00:00\" \/>\n<meta property=\"og:image\" content=\"https:\/\/dev-ursa-cz.animatec.cz\/wp-content\/uploads\/2021\/03\/ursa-sf34-32.png\" \/>\n\t<meta property=\"og:image:width\" content=\"800\" \/>\n\t<meta property=\"og:image:height\" content=\"800\" \/>\n\t<meta property=\"og:image:type\" content=\"image\/png\" \/>\n<meta name=\"twitter:card\" content=\"summary_large_image\" \/>\n<script type=\"application\/ld+json\" class=\"yoast-schema-graph\">{\"@context\":\"https:\/\/schema.org\",\"@graph\":[{\"@type\":\"Organization\",\"@id\":\"https:\/\/dev-ursa-cz.animatec.cz\/#organization\",\"name\":\"URSA CZ s.r.o.\",\"url\":\"https:\/\/dev-ursa-cz.animatec.cz\/\",\"sameAs\":[\"https:\/\/www.facebook.com\/ursaczsk\/\",\"https:\/\/www.youtube.com\/channel\/UChDM18I-UCQ9A-thLwLNFsg\"],\"logo\":{\"@type\":\"ImageObject\",\"@id\":\"https:\/\/dev-ursa-cz.animatec.cz\/#logo\",\"inLanguage\":\"sk-SK\",\"url\":\"https:\/\/dev-ursa-cz.animatec.cz\/wp-content\/uploads\/2020\/12\/ursa-logo-e1608282921653.png\",\"contentUrl\":\"https:\/\/dev-ursa-cz.animatec.cz\/wp-content\/uploads\/2020\/12\/ursa-logo-e1608282921653.png\",\"width\":100,\"height\":59,\"caption\":\"URSA CZ s.r.o.\"},\"image\":{\"@id\":\"https:\/\/dev-ursa-cz.animatec.cz\/#logo\"}},{\"@type\":\"WebSite\",\"@id\":\"https:\/\/dev-ursa-cz.animatec.cz\/#website\",\"url\":\"https:\/\/dev-ursa-cz.animatec.cz\/\",\"name\":\"URSA CZ\",\"description\":\"URSA: tepeln\u00e9, akustick\u00e9 a protipo\u017e\u00e1rn\u00ed miner\u00e1ln\u00ed izolace ze skeln\u00e9 vlny.\",\"publisher\":{\"@id\":\"https:\/\/dev-ursa-cz.animatec.cz\/#organization\"},\"potentialAction\":[{\"@type\":\"SearchAction\",\"target\":{\"@type\":\"EntryPoint\",\"urlTemplate\":\"https:\/\/dev-ursa-cz.animatec.cz\/?s={search_term_string}\"},\"query-input\":\"required name=search_term_string\"}],\"inLanguage\":\"sk-SK\"},{\"@type\":\"ImageObject\",\"@id\":\"https:\/\/dev-ursa-cz.animatec.cz\/sk\/mineralna-izolacia-ursa-pureone-31\/#primaryimage\",\"inLanguage\":\"sk-SK\",\"url\":\"https:\/\/dev-ursa-cz.animatec.cz\/wp-content\/uploads\/2021\/03\/ursa-sf34-32.png\",\"contentUrl\":\"https:\/\/dev-ursa-cz.animatec.cz\/wp-content\/uploads\/2021\/03\/ursa-sf34-32.png\",\"width\":800,\"height\":800},{\"@type\":\"WebPage\",\"@id\":\"https:\/\/dev-ursa-cz.animatec.cz\/sk\/mineralna-izolacia-ursa-pureone-31\/#webpage\",\"url\":\"https:\/\/dev-ursa-cz.animatec.cz\/sk\/mineralna-izolacia-ursa-pureone-31\/\",\"name\":\"Miner\u00e1lna izol\u00e1cia URSA PUREONE 31 - URSA CZ\",\"isPartOf\":{\"@id\":\"https:\/\/dev-ursa-cz.animatec.cz\/#website\"},\"primaryImageOfPage\":{\"@id\":\"https:\/\/dev-ursa-cz.animatec.cz\/sk\/mineralna-izolacia-ursa-pureone-31\/#primaryimage\"},\"datePublished\":\"2021-04-13T12:57:25+00:00\",\"dateModified\":\"2021-04-13T12:57:27+00:00\",\"description\":\"URSA - vyr\u00e1b\u00edme miner\u00e1ln\u00ed izolace a extrudovan\u00fd polystyren pro zateplen\u00ed domu tedy zateplen\u00ed fas\u00e1dy, zateplen\u00ed st\u0159echy, zateplen\u00ed podkrov\u00ed, zateplen\u00ed podlahy, akustickou izolaci a dal\u0161\u00ed pou\u017eit\u00ed.\",\"breadcrumb\":{\"@id\":\"https:\/\/dev-ursa-cz.animatec.cz\/sk\/mineralna-izolacia-ursa-pureone-31\/#breadcrumb\"},\"inLanguage\":\"sk-SK\",\"potentialAction\":[{\"@type\":\"ReadAction\",\"target\":[\"https:\/\/dev-ursa-cz.animatec.cz\/sk\/mineralna-izolacia-ursa-pureone-31\/\"]}]},{\"@type\":\"BreadcrumbList\",\"@id\":\"https:\/\/dev-ursa-cz.animatec.cz\/sk\/mineralna-izolacia-ursa-pureone-31\/#breadcrumb\",\"itemListElement\":[{\"@type\":\"ListItem\",\"position\":1,\"name\":\"Dom\u016f\",\"item\":\"https:\/\/dev-ursa-cz.animatec.cz\/sk\/\"},{\"@type\":\"ListItem\",\"position\":2,\"name\":\"Miner\u00e1lna izol\u00e1cia URSA PUREONE 31\"}]}]}<\/script>\n<!-- \/ Yoast SEO plugin. -->","yoast_head_json":{"title":"Miner\u00e1lna izol\u00e1cia URSA PUREONE 31 - URSA CZ","description":"URSA - vyr\u00e1b\u00edme miner\u00e1ln\u00ed izolace a extrudovan\u00fd polystyren pro zateplen\u00ed domu tedy zateplen\u00ed fas\u00e1dy, zateplen\u00ed st\u0159echy, zateplen\u00ed podkrov\u00ed, zateplen\u00ed podlahy, akustickou izolaci a dal\u0161\u00ed pou\u017eit\u00ed.","robots":{"index":"noindex","follow":"follow","max-snippet":"max-snippet:-1","max-image-preview":"max-image-preview:large","max-video-preview":"max-video-preview:-1"},"og_locale":"sk_SK","og_type":"article","og_title":"Miner\u00e1lna izol\u00e1cia URSA PUREONE 31 - URSA CZ","og_description":"URSA - vyr\u00e1b\u00edme miner\u00e1ln\u00ed izolace a extrudovan\u00fd polystyren pro zateplen\u00ed domu tedy zateplen\u00ed fas\u00e1dy, zateplen\u00ed st\u0159echy, zateplen\u00ed podkrov\u00ed, zateplen\u00ed podlahy, akustickou izolaci a dal\u0161\u00ed pou\u017eit\u00ed.","og_url":"https:\/\/dev-ursa-cz.animatec.cz\/sk\/mineralna-izolacia-ursa-pureone-31\/","og_site_name":"URSA CZ","article_publisher":"https:\/\/www.facebook.com\/ursaczsk\/","article_modified_time":"2021-04-13T12:57:27+00:00","og_image":[{"width":800,"height":800,"url":"https:\/\/dev-ursa-cz.animatec.cz\/wp-content\/uploads\/2021\/03\/ursa-sf34-32.png","type":"image\/png"}],"twitter_card":"summary_large_image","schema":{"@context":"https:\/\/schema.org","@graph":[{"@type":"Organization","@id":"https:\/\/dev-ursa-cz.animatec.cz\/#organization","name":"URSA CZ s.r.o.","url":"https:\/\/dev-ursa-cz.animatec.cz\/","sameAs":["https:\/\/www.facebook.com\/ursaczsk\/","https:\/\/www.youtube.com\/channel\/UChDM18I-UCQ9A-thLwLNFsg"],"logo":{"@type":"ImageObject","@id":"https:\/\/dev-ursa-cz.animatec.cz\/#logo","inLanguage":"sk-SK","url":"https:\/\/dev-ursa-cz.animatec.cz\/wp-content\/uploads\/2020\/12\/ursa-logo-e1608282921653.png","contentUrl":"https:\/\/dev-ursa-cz.animatec.cz\/wp-content\/uploads\/2020\/12\/ursa-logo-e1608282921653.png","width":100,"height":59,"caption":"URSA CZ s.r.o."},"image":{"@id":"https:\/\/dev-ursa-cz.animatec.cz\/#logo"}},{"@type":"WebSite","@id":"https:\/\/dev-ursa-cz.animatec.cz\/#website","url":"https:\/\/dev-ursa-cz.animatec.cz\/","name":"URSA CZ","description":"URSA: tepeln\u00e9, akustick\u00e9 a protipo\u017e\u00e1rn\u00ed miner\u00e1ln\u00ed izolace ze skeln\u00e9 vlny.","publisher":{"@id":"https:\/\/dev-ursa-cz.animatec.cz\/#organization"},"potentialAction":[{"@type":"SearchAction","target":{"@type":"EntryPoint","urlTemplate":"https:\/\/dev-ursa-cz.animatec.cz\/?s={search_term_string}"},"query-input":"required name=search_term_string"}],"inLanguage":"sk-SK"},{"@type":"ImageObject","@id":"https:\/\/dev-ursa-cz.animatec.cz\/sk\/mineralna-izolacia-ursa-pureone-31\/#primaryimage","inLanguage":"sk-SK","url":"https:\/\/dev-ursa-cz.animatec.cz\/wp-content\/uploads\/2021\/03\/ursa-sf34-32.png","contentUrl":"https:\/\/dev-ursa-cz.animatec.cz\/wp-content\/uploads\/2021\/03\/ursa-sf34-32.png","width":800,"height":800},{"@type":"WebPage","@id":"https:\/\/dev-ursa-cz.animatec.cz\/sk\/mineralna-izolacia-ursa-pureone-31\/#webpage","url":"https:\/\/dev-ursa-cz.animatec.cz\/sk\/mineralna-izolacia-ursa-pureone-31\/","name":"Miner\u00e1lna izol\u00e1cia URSA PUREONE 31 - URSA CZ","isPartOf":{"@id":"https:\/\/dev-ursa-cz.animatec.cz\/#website"},"primaryImageOfPage":{"@id":"https:\/\/dev-ursa-cz.animatec.cz\/sk\/mineralna-izolacia-ursa-pureone-31\/#primaryimage"},"datePublished":"2021-04-13T12:57:25+00:00","dateModified":"2021-04-13T12:57:27+00:00","description":"URSA - vyr\u00e1b\u00edme miner\u00e1ln\u00ed izolace a extrudovan\u00fd polystyren pro zateplen\u00ed domu tedy zateplen\u00ed fas\u00e1dy, zateplen\u00ed st\u0159echy, zateplen\u00ed podkrov\u00ed, zateplen\u00ed podlahy, akustickou izolaci a dal\u0161\u00ed pou\u017eit\u00ed.","breadcrumb":{"@id":"https:\/\/dev-ursa-cz.animatec.cz\/sk\/mineralna-izolacia-ursa-pureone-31\/#breadcrumb"},"inLanguage":"sk-SK","potentialAction":[{"@type":"ReadAction","target":["https:\/\/dev-ursa-cz.animatec.cz\/sk\/mineralna-izolacia-ursa-pureone-31\/"]}]},{"@type":"BreadcrumbList","@id":"https:\/\/dev-ursa-cz.animatec.cz\/sk\/mineralna-izolacia-ursa-pureone-31\/#breadcrumb","itemListElement":[{"@type":"ListItem","position":1,"name":"Dom\u016f","item":"https:\/\/dev-ursa-cz.animatec.cz\/sk\/"},{"@type":"ListItem","position":2,"name":"Miner\u00e1lna izol\u00e1cia URSA PUREONE 31"}]}]}},"_links":{"self":[{"href":"https:\/\/dev-ursa-cz.animatec.cz\/sk\/wp-json\/wp\/v2\/pages\/7192"}],"collection":[{"href":"https:\/\/dev-ursa-cz.animatec.cz\/sk\/wp-json\/wp\/v2\/pages"}],"about":[{"href":"https:\/\/dev-ursa-cz.animatec.cz\/sk\/wp-json\/wp\/v2\/types\/page"}],"author":[{"embeddable":true,"href":"https:\/\/dev-ursa-cz.animatec.cz\/sk\/wp-json\/wp\/v2\/users\/2"}],"replies":[{"embeddable":true,"href":"https:\/\/dev-ursa-cz.animatec.cz\/sk\/wp-json\/wp\/v2\/comments?post=7192"}],"version-history":[{"count":1,"href":"https:\/\/dev-ursa-cz.animatec.cz\/sk\/wp-json\/wp\/v2\/pages\/7192\/revisions"}],"predecessor-version":[{"id":7193,"href":"https:\/\/dev-ursa-cz.animatec.cz\/sk\/wp-json\/wp\/v2\/pages\/7192\/revisions\/7193"}],"wp:featuredmedia":[{"embeddable":true,"href":"https:\/\/dev-ursa-cz.animatec.cz\/sk\/wp-json\/wp\/v2\/media\/7158"}],"wp:attachment":[{"href":"https:\/\/dev-ursa-cz.animatec.cz\/sk\/wp-json\/wp\/v2\/media?parent=7192"}],"wp:term":[{"taxonomy":"category","embeddable":true,"href":"https:\/\/dev-ursa-cz.animatec.cz\/sk\/wp-json\/wp\/v2\/categories?post=7192"},{"taxonomy":"post_tag","embeddable":true,"href":"https:\/\/dev-ursa-cz.animatec.cz\/sk\/wp-json\/wp\/v2\/tags?post=7192"}],"curies":[{"name":"wp","href":"https:\/\/api.w.org\/{rel}","templated":true}]}}